{"id":21576,"date":"2024-05-28T16:51:23","date_gmt":"2024-05-28T15:51:24","guid":{"rendered":"https:\/\/www.inthesun.es\/?post_type=product&#038;p=21576"},"modified":"2024-05-28T16:56:13","modified_gmt":"2024-05-28T15:56:13","slug":"madrid-metal-sign-metropolis-building-gran-via","status":"publish","type":"product","link":"https:\/\/www.inthesun.es\/en\/product\/madrid-metal-sign-metropolis-building-gran-via\/","title":{"rendered":"Madrid Metal Sign, Metropolis Building Gran Via"},"content":{"rendered":"<p data-sourcepos=\"3:1-3:27\"><strong>Strolling Down Gran V\u00eda<\/strong><\/p>\n<p data-sourcepos=\"5:1-5:70\">Towering majestically over Madrid&#8217;s Gran V\u00eda, the Metr\u00f3polis Building, considered a Site of Cultural Interest for its architectural and historical value, stands as a symbol of modernist Madrid and a benchmark of Art Deco architecture. Its construction, completed in 1919, marked a milestone in the city&#8217;s history, introducing an avant-garde and cosmopolitan style that contrasted with the traditional architecture of the time.<\/p>\n<p data-sourcepos=\"7:1-7:172\">The Grassy Building is not only a symbol of Swiss watchmaking excellence, but also a benchmark of modern architecture in Madrid. Its avant-garde design and integration into the urban environment make it a cultural and architectural point of interest in the city.<\/p>\n<p data-sourcepos=\"7:1-7:172\">\n<p class=\"p1\">Add a chic, original, and colorful touch to your favorite corners with our Vintage Plaque. You can hang it or lean it on any shelf or surface. A unique and special decorative element.<\/p>\n<p class=\"p1\">100% lacquered aluminum plaque, made in Spain, with an embossed bevel all around and four perforations. The printing technique used and the lacquer that covers its surface prevent wear and tear over time, giving it a high-quality, bright finish that enhances the colors to the maximum, as well as great resistance and robustness.<\/p>\n<p class=\"p1\">Size: 27.5 x 19.5 cm<\/p>\n<p class=\"p1\">Please note that colors may vary slightly depending on your monitor settings.<\/p>\n<p class=\"p1\"><i>Decorative vase not included.<\/i><\/p>\n","protected":false},"excerpt":{"rendered":"<p>Strolling Down Gran V\u00eda Towering majestically over Madrid&#8217;s Gran V\u00eda, the Metr\u00f3polis Building, considered a Site of Cultural Interest for its architectural and historical value, stands as a symbol of modernist Madrid and a benchmark of Art Deco architecture. Its construction, completed in 1919, marked a milestone in the city&#8217;s history, introducing an avant-garde and [&#8230;]\n","protected":false},"featured_media":21352,"template":"","meta":[],"product_brand":[],"product_cat":[408,24,27],"product_tag":[410],"class_list":{"0":"post-21576","1":"product","2":"type-product","3":"status-publish","4":"has-post-thumbnail","6":"product_cat-madrid-metal-signs","7":"product_cat-souvenirs-gifts","8":"product_cat-vintage-tin-plate-signs","9":"product_tag-madrid-collection","11":"first","12":"instock","13":"taxable","14":"shipping-taxable","15":"purchasable","16":"product-type-simple"},"yoast_head":"<!-- This site is optimized with the Yoast SEO plugin v27.5 - https:\/\/yoast.com\/product\/yoast-seo-wordpress\/ -->\n<title>Madrid Metal Sign, Metropolis Building Gran Via - IntheSun, art prints &amp; chic souvenirs<\/title>\n<meta name=\"robots\" content=\"index, follow, max-snippet:-1, max-image-preview:large, max-video-preview:-1\" \/>\n<link rel=\"canonical\" href=\"https:\/\/www.inthesun.es\/en\/product\/madrid-metal-sign-metropolis-building-gran-via\/\" \/>\n<meta property=\"og:locale\" content=\"en_GB\" \/>\n<meta property=\"og:type\" content=\"article\" \/>\n<meta property=\"og:title\" content=\"Madrid Metal Sign, Metropolis Building Gran Via - IntheSun, art prints &amp; chic souvenirs\" \/>\n<meta property=\"og:description\" content=\"Strolling Down Gran V\u00eda Towering majestically over Madrid&#8217;s Gran V\u00eda, the Metr\u00f3polis Building, considered a Site of Cultural Interest for its architectural and historical value, stands as a symbol of modernist Madrid and a benchmark of Art Deco architecture. Its construction, completed in 1919, marked a milestone in the city&#8217;s history, introducing an avant-garde and [...]\" \/>\n<meta property=\"og:url\" content=\"https:\/\/www.inthesun.es\/en\/product\/madrid-metal-sign-metropolis-building-gran-via\/\" \/>\n<meta property=\"og:site_name\" content=\"IntheSun, art prints &amp; chic souvenirs\" \/>\n<meta property=\"article:publisher\" content=\"https:\/\/www.facebook.com\/inthesun.es\/\" \/>\n<meta property=\"article:modified_time\" content=\"2024-05-28T15:56:13+00:00\" \/>\n<meta property=\"og:image\" content=\"https:\/\/www.inthesun.es\/wp-content\/uploads\/2024\/05\/placa-metal-sign-madrid-metropolis-gran-via.jpg\" \/>\n\t<meta property=\"og:image:width\" content=\"1024\" \/>\n\t<meta property=\"og:image:height\" content=\"1024\" \/>\n\t<meta property=\"og:image:type\" content=\"image\/jpeg\" \/>\n<meta name=\"twitter:card\" content=\"summary_large_image\" \/>\n<meta name=\"twitter:label1\" content=\"Estimated reading time\" \/>\n\t<meta name=\"twitter:data1\" content=\"1 minute\" \/>\n<script type=\"application\/ld+json\" class=\"yoast-schema-graph\">{\"@context\":\"https:\\\/\\\/schema.org\",\"@graph\":[{\"@type\":[\"WebPage\",\"ItemPage\"],\"@id\":\"https:\\\/\\\/www.inthesun.es\\\/en\\\/product\\\/madrid-metal-sign-metropolis-building-gran-via\\\/\",\"url\":\"https:\\\/\\\/www.inthesun.es\\\/en\\\/product\\\/madrid-metal-sign-metropolis-building-gran-via\\\/\",\"name\":\"Madrid Metal Sign, Metropolis Building Gran Via - IntheSun, art prints &amp; chic souvenirs\",\"isPartOf\":{\"@id\":\"https:\\\/\\\/www.inthesun.es\\\/en\\\/#website\"},\"primaryImageOfPage\":{\"@id\":\"https:\\\/\\\/www.inthesun.es\\\/en\\\/product\\\/madrid-metal-sign-metropolis-building-gran-via\\\/#primaryimage\"},\"image\":{\"@id\":\"https:\\\/\\\/www.inthesun.es\\\/en\\\/product\\\/madrid-metal-sign-metropolis-building-gran-via\\\/#primaryimage\"},\"thumbnailUrl\":\"https:\\\/\\\/www.inthesun.es\\\/wp-content\\\/uploads\\\/2024\\\/05\\\/placa-metal-sign-madrid-metropolis-gran-via.jpg\",\"datePublished\":\"2024-05-28T15:51:24+00:00\",\"dateModified\":\"2024-05-28T15:56:13+00:00\",\"breadcrumb\":{\"@id\":\"https:\\\/\\\/www.inthesun.es\\\/en\\\/product\\\/madrid-metal-sign-metropolis-building-gran-via\\\/#breadcrumb\"},\"inLanguage\":\"en-GB\",\"potentialAction\":[{\"@type\":\"ReadAction\",\"target\":[\"https:\\\/\\\/www.inthesun.es\\\/en\\\/product\\\/madrid-metal-sign-metropolis-building-gran-via\\\/\"]}]},{\"@type\":\"ImageObject\",\"inLanguage\":\"en-GB\",\"@id\":\"https:\\\/\\\/www.inthesun.es\\\/en\\\/product\\\/madrid-metal-sign-metropolis-building-gran-via\\\/#primaryimage\",\"url\":\"https:\\\/\\\/www.inthesun.es\\\/wp-content\\\/uploads\\\/2024\\\/05\\\/placa-metal-sign-madrid-metropolis-gran-via.jpg\",\"contentUrl\":\"https:\\\/\\\/www.inthesun.es\\\/wp-content\\\/uploads\\\/2024\\\/05\\\/placa-metal-sign-madrid-metropolis-gran-via.jpg\",\"width\":1024,\"height\":1024,\"caption\":\"placa-metal-sign-madrid-metropolis-gran-via\"},{\"@type\":\"BreadcrumbList\",\"@id\":\"https:\\\/\\\/www.inthesun.es\\\/en\\\/product\\\/madrid-metal-sign-metropolis-building-gran-via\\\/#breadcrumb\",\"itemListElement\":[{\"@type\":\"ListItem\",\"position\":1,\"name\":\"Portada\",\"item\":\"https:\\\/\\\/www.inthesun.es\\\/en\\\/\"},{\"@type\":\"ListItem\",\"position\":2,\"name\":\"Shop\",\"item\":\"https:\\\/\\\/www.inthesun.es\\\/en\\\/shop-2-2\\\/\"},{\"@type\":\"ListItem\",\"position\":3,\"name\":\"Madrid Metal Sign, Metropolis Building Gran Via\"}]},{\"@type\":\"WebSite\",\"@id\":\"https:\\\/\\\/www.inthesun.es\\\/en\\\/#website\",\"url\":\"https:\\\/\\\/www.inthesun.es\\\/en\\\/\",\"name\":\"INTHESUN.ES\",\"description\":\"Inthesun , quality souvenirs for Majorca , Menorca , Ibiza and Formentera. Gifts and souvenirs with typical and traditional motifs of the Balearic Islands. Discover our exclusive products !\",\"publisher\":{\"@id\":\"https:\\\/\\\/www.inthesun.es\\\/en\\\/#organization\"},\"alternateName\":\"Inthesun, artprints & chic souvenirs\",\"potentialAction\":[{\"@type\":\"SearchAction\",\"target\":{\"@type\":\"EntryPoint\",\"urlTemplate\":\"https:\\\/\\\/www.inthesun.es\\\/en\\\/?s={search_term_string}\"},\"query-input\":{\"@type\":\"PropertyValueSpecification\",\"valueRequired\":true,\"valueName\":\"search_term_string\"}}],\"inLanguage\":\"en-GB\"},{\"@type\":\"Organization\",\"@id\":\"https:\\\/\\\/www.inthesun.es\\\/en\\\/#organization\",\"name\":\"IntheSun, art prints & chic souvenirs\",\"url\":\"https:\\\/\\\/www.inthesun.es\\\/en\\\/\",\"logo\":{\"@type\":\"ImageObject\",\"inLanguage\":\"en-GB\",\"@id\":\"https:\\\/\\\/www.inthesun.es\\\/en\\\/#\\\/schema\\\/logo\\\/image\\\/\",\"url\":\"https:\\\/\\\/www.inthesun.es\\\/wp-content\\\/uploads\\\/2024\\\/02\\\/LogoInTheSun.png\",\"contentUrl\":\"https:\\\/\\\/www.inthesun.es\\\/wp-content\\\/uploads\\\/2024\\\/02\\\/LogoInTheSun.png\",\"width\":3544,\"height\":3544,\"caption\":\"IntheSun, art prints & chic souvenirs\"},\"image\":{\"@id\":\"https:\\\/\\\/www.inthesun.es\\\/en\\\/#\\\/schema\\\/logo\\\/image\\\/\"},\"sameAs\":[\"https:\\\/\\\/www.facebook.com\\\/inthesun.es\\\/\",\"https:\\\/\\\/www.instagram.com\\\/inthesun.es\\\/\"]}]}<\/script>\n<!-- \/ Yoast SEO plugin. -->","yoast_head_json":{"title":"Madrid Metal Sign, Metropolis Building Gran Via - IntheSun, art prints &amp; chic souvenirs","robots":{"index":"index","follow":"follow","max-snippet":"max-snippet:-1","max-image-preview":"max-image-preview:large","max-video-preview":"max-video-preview:-1"},"canonical":"https:\/\/www.inthesun.es\/en\/product\/madrid-metal-sign-metropolis-building-gran-via\/","og_locale":"en_GB","og_type":"article","og_title":"Madrid Metal Sign, Metropolis Building Gran Via - IntheSun, art prints &amp; chic souvenirs","og_description":"Strolling Down Gran V\u00eda Towering majestically over Madrid&#8217;s Gran V\u00eda, the Metr\u00f3polis Building, considered a Site of Cultural Interest for its architectural and historical value, stands as a symbol of modernist Madrid and a benchmark of Art Deco architecture. Its construction, completed in 1919, marked a milestone in the city&#8217;s history, introducing an avant-garde and [...]","og_url":"https:\/\/www.inthesun.es\/en\/product\/madrid-metal-sign-metropolis-building-gran-via\/","og_site_name":"IntheSun, art prints &amp; chic souvenirs","article_publisher":"https:\/\/www.facebook.com\/inthesun.es\/","article_modified_time":"2024-05-28T15:56:13+00:00","og_image":[{"width":1024,"height":1024,"url":"https:\/\/www.inthesun.es\/wp-content\/uploads\/2024\/05\/placa-metal-sign-madrid-metropolis-gran-via.jpg","type":"image\/jpeg"}],"twitter_card":"summary_large_image","twitter_misc":{"Estimated reading time":"1 minute"},"schema":{"@context":"https:\/\/schema.org","@graph":[{"@type":["WebPage","ItemPage"],"@id":"https:\/\/www.inthesun.es\/en\/product\/madrid-metal-sign-metropolis-building-gran-via\/","url":"https:\/\/www.inthesun.es\/en\/product\/madrid-metal-sign-metropolis-building-gran-via\/","name":"Madrid Metal Sign, Metropolis Building Gran Via - IntheSun, art prints &amp; chic souvenirs","isPartOf":{"@id":"https:\/\/www.inthesun.es\/en\/#website"},"primaryImageOfPage":{"@id":"https:\/\/www.inthesun.es\/en\/product\/madrid-metal-sign-metropolis-building-gran-via\/#primaryimage"},"image":{"@id":"https:\/\/www.inthesun.es\/en\/product\/madrid-metal-sign-metropolis-building-gran-via\/#primaryimage"},"thumbnailUrl":"https:\/\/www.inthesun.es\/wp-content\/uploads\/2024\/05\/placa-metal-sign-madrid-metropolis-gran-via.jpg","datePublished":"2024-05-28T15:51:24+00:00","dateModified":"2024-05-28T15:56:13+00:00","breadcrumb":{"@id":"https:\/\/www.inthesun.es\/en\/product\/madrid-metal-sign-metropolis-building-gran-via\/#breadcrumb"},"inLanguage":"en-GB","potentialAction":[{"@type":"ReadAction","target":["https:\/\/www.inthesun.es\/en\/product\/madrid-metal-sign-metropolis-building-gran-via\/"]}]},{"@type":"ImageObject","inLanguage":"en-GB","@id":"https:\/\/www.inthesun.es\/en\/product\/madrid-metal-sign-metropolis-building-gran-via\/#primaryimage","url":"https:\/\/www.inthesun.es\/wp-content\/uploads\/2024\/05\/placa-metal-sign-madrid-metropolis-gran-via.jpg","contentUrl":"https:\/\/www.inthesun.es\/wp-content\/uploads\/2024\/05\/placa-metal-sign-madrid-metropolis-gran-via.jpg","width":1024,"height":1024,"caption":"placa-metal-sign-madrid-metropolis-gran-via"},{"@type":"BreadcrumbList","@id":"https:\/\/www.inthesun.es\/en\/product\/madrid-metal-sign-metropolis-building-gran-via\/#breadcrumb","itemListElement":[{"@type":"ListItem","position":1,"name":"Portada","item":"https:\/\/www.inthesun.es\/en\/"},{"@type":"ListItem","position":2,"name":"Shop","item":"https:\/\/www.inthesun.es\/en\/shop-2-2\/"},{"@type":"ListItem","position":3,"name":"Madrid Metal Sign, Metropolis Building Gran Via"}]},{"@type":"WebSite","@id":"https:\/\/www.inthesun.es\/en\/#website","url":"https:\/\/www.inthesun.es\/en\/","name":"INTHESUN.ES","description":"Inthesun , quality souvenirs for Majorca , Menorca , Ibiza and Formentera. Gifts and souvenirs with typical and traditional motifs of the Balearic Islands. Discover our exclusive products !","publisher":{"@id":"https:\/\/www.inthesun.es\/en\/#organization"},"alternateName":"Inthesun, artprints & chic souvenirs","potentialAction":[{"@type":"SearchAction","target":{"@type":"EntryPoint","urlTemplate":"https:\/\/www.inthesun.es\/en\/?s={search_term_string}"},"query-input":{"@type":"PropertyValueSpecification","valueRequired":true,"valueName":"search_term_string"}}],"inLanguage":"en-GB"},{"@type":"Organization","@id":"https:\/\/www.inthesun.es\/en\/#organization","name":"IntheSun, art prints & chic souvenirs","url":"https:\/\/www.inthesun.es\/en\/","logo":{"@type":"ImageObject","inLanguage":"en-GB","@id":"https:\/\/www.inthesun.es\/en\/#\/schema\/logo\/image\/","url":"https:\/\/www.inthesun.es\/wp-content\/uploads\/2024\/02\/LogoInTheSun.png","contentUrl":"https:\/\/www.inthesun.es\/wp-content\/uploads\/2024\/02\/LogoInTheSun.png","width":3544,"height":3544,"caption":"IntheSun, art prints & chic souvenirs"},"image":{"@id":"https:\/\/www.inthesun.es\/en\/#\/schema\/logo\/image\/"},"sameAs":["https:\/\/www.facebook.com\/inthesun.es\/","https:\/\/www.instagram.com\/inthesun.es\/"]}]}},"_links":{"self":[{"href":"https:\/\/www.inthesun.es\/en\/wp-json\/wp\/v2\/product\/21576","targetHints":{"allow":["GET"]}}],"collection":[{"href":"https:\/\/www.inthesun.es\/en\/wp-json\/wp\/v2\/product"}],"about":[{"href":"https:\/\/www.inthesun.es\/en\/wp-json\/wp\/v2\/types\/product"}],"wp:featuredmedia":[{"embeddable":true,"href":"https:\/\/www.inthesun.es\/en\/wp-json\/wp\/v2\/media\/21352"}],"wp:attachment":[{"href":"https:\/\/www.inthesun.es\/en\/wp-json\/wp\/v2\/media?parent=21576"}],"wp:term":[{"taxonomy":"product_brand","embeddable":true,"href":"https:\/\/www.inthesun.es\/en\/wp-json\/wp\/v2\/product_brand?post=21576"},{"taxonomy":"product_cat","embeddable":true,"href":"https:\/\/www.inthesun.es\/en\/wp-json\/wp\/v2\/product_cat?post=21576"},{"taxonomy":"product_tag","embeddable":true,"href":"https:\/\/www.inthesun.es\/en\/wp-json\/wp\/v2\/product_tag?post=21576"}],"curies":[{"name":"wp","href":"https:\/\/api.w.org\/{rel}","templated":true}]}}