{"id":18585,"date":"2024-03-26T09:41:43","date_gmt":"2024-03-26T08:41:44","guid":{"rendered":"https:\/\/www.inthesun.es\/?post_type=product&#038;p=18585"},"modified":"2024-05-15T17:44:05","modified_gmt":"2024-05-15T16:44:05","slug":"vintage-mallorca-postcards-6-units-pack-copia","status":"publish","type":"product","link":"https:\/\/www.inthesun.es\/en\/product\/vintage-mallorca-postcards-6-units-pack-copia\/","title":{"rendered":"Vintage Mallorca Postcards #2 (6 units pack)"},"content":{"rendered":"<p data-sourcepos=\"1:1-1:72\"><strong>Pack of 6 Mallorca Postcards #2<\/strong><\/p>\n<p><span style=\"font-weight: 400;\">This pack of 6 postcards invites you to a visual journey to Mallorca, capturing the essence of the island in vibrant and charming images.<\/span><\/p>\n<p data-sourcepos=\"5:1-5:47\">The illustrations included in the pack are:<\/p>\n<ul>\n<li data-sourcepos=\"3:1-3:218\">Windmill and Bicycle: Windmills are a typical feature of the Mallorcan rural landscape, especially in the interior of the island. Reddish earth is dotted with brightly colored windmills, prickly pears, and hoopoes.<\/li>\n<li data-sourcepos=\"5:1-5:249\">Es Trenc Beach and Hammock: Es Trenc Beach, considered one of the best beaches in the Mediterranean, with its white sand and crystal clear waters, invites you to relax in a hammock under the shade of a parasol. A paradise for sun and sea lovers.<\/li>\n<li data-sourcepos=\"7:1-7:218\">Portocolom Lighthouse: A spectacular cylindrical lighthouse, located in one of the most characteristic environments of the island, on a cliff full of prickly pears and hoopoes, and with spectacular panoramic views.<\/li>\n<li data-sourcepos=\"9:1-9:210\">Na Foradada and Lla\u00fct: Na Foradada, with its iconic natural arch sculpted by the sea, stands off the coast of Mallorca. It is very common to see lla\u00fcts, the traditional Mallorcan boat, sailing in this area.<\/li>\n<li data-sourcepos=\"11:1-11:206\">S\u00f3ller Port Tram: The historic S\u00f3ller Tram, with its wooden carriages and leisurely pace, travels the spectacular route from S\u00f3ller Port with panoramic views. A unique experience to discover the island.<\/li>\n<li data-sourcepos=\"13:1-13:414\">Valldemossa and Cartuja: The village of Valldemossa with its cobbled streets, surrounded by typical Mallorcan stone houses, full of climbing bougainvilleas, flowering pots and plants overflowing with Mediterranean aromas. In the background, the majestic Cartuja, a monastery with a lot of history, where it hosted illustrious figures such as Chopin, George Sand, Winston Churchill, Rub\u00e9n Dar\u00edo and Ava Gardner.<\/li>\n<\/ul>\n<p>&nbsp;<\/p>\n<p>An exclusive pack, of the highest quality and full of color, which, due to its large format, you can frame, decorate small corners, use as a gift card, send by mail as in the past, whatever you want\u2026<\/p>\n<p data-sourcepos=\"16:1-16:128\">Vintage postcards, printed by offset on 300gr graphic cardboard and laminated, from responsible sources with FSC certificate.<\/p>\n<p data-sourcepos=\"18:1-18:31\">Large Format: A5 (14.8 x 21 cm)<\/p>\n<p data-sourcepos=\"18:1-18:31\">Please note that colours may vary slightly due to monitor settings.<\/p>\n<p><em>Frames not included.<\/em><\/p>\n","protected":false},"excerpt":{"rendered":"<p>Pack of 6 Mallorca Postcards #2 This pack of 6 postcards invites you to a visual journey to Mallorca, capturing the essence of the island in vibrant and charming images. The illustrations included in the pack are: Windmill and Bicycle: Windmills are a typical feature of the Mallorcan rural landscape, especially in the interior of [&#8230;]\n","protected":false},"featured_media":19252,"template":"","meta":[],"product_brand":[],"product_cat":[94,24],"product_tag":[57],"class_list":{"0":"post-18585","1":"product","2":"type-product","3":"status-publish","4":"has-post-thumbnail","6":"product_cat-mallorca-vintage-postcards","7":"product_cat-souvenirs-gifts","8":"product_tag-mallorca-collection","10":"first","11":"instock","12":"taxable","13":"shipping-taxable","14":"purchasable","15":"product-type-simple"},"yoast_head":"<!-- This site is optimized with the Yoast SEO plugin v27.5 - https:\/\/yoast.com\/product\/yoast-seo-wordpress\/ -->\n<title>Vintage Mallorca Postcards #2 (6 units pack) - IntheSun, art prints &amp; chic souvenirs<\/title>\n<meta name=\"robots\" content=\"index, follow, max-snippet:-1, max-image-preview:large, max-video-preview:-1\" \/>\n<link rel=\"canonical\" href=\"https:\/\/www.inthesun.es\/en\/product\/vintage-mallorca-postcards-6-units-pack-copia\/\" \/>\n<meta property=\"og:locale\" content=\"en_GB\" \/>\n<meta property=\"og:type\" content=\"article\" \/>\n<meta property=\"og:title\" content=\"Vintage Mallorca Postcards #2 (6 units pack) - IntheSun, art prints &amp; chic souvenirs\" \/>\n<meta property=\"og:description\" content=\"Pack of 6 Mallorca Postcards #2 This pack of 6 postcards invites you to a visual journey to Mallorca, capturing the essence of the island in vibrant and charming images. The illustrations included in the pack are: Windmill and Bicycle: Windmills are a typical feature of the Mallorcan rural landscape, especially in the interior of [...]\" \/>\n<meta property=\"og:url\" content=\"https:\/\/www.inthesun.es\/en\/product\/vintage-mallorca-postcards-6-units-pack-copia\/\" \/>\n<meta property=\"og:site_name\" content=\"IntheSun, art prints &amp; chic souvenirs\" \/>\n<meta property=\"article:publisher\" content=\"https:\/\/www.facebook.com\/inthesun.es\/\" \/>\n<meta property=\"article:modified_time\" content=\"2024-05-15T16:44:05+00:00\" \/>\n<meta property=\"og:image\" content=\"https:\/\/www.inthesun.es\/wp-content\/uploads\/2024\/03\/mallorca2.jpg\" \/>\n\t<meta property=\"og:image:width\" content=\"1600\" \/>\n\t<meta property=\"og:image:height\" content=\"1600\" \/>\n\t<meta property=\"og:image:type\" content=\"image\/jpeg\" \/>\n<meta name=\"twitter:card\" content=\"summary_large_image\" \/>\n<meta name=\"twitter:label1\" content=\"Estimated reading time\" \/>\n\t<meta name=\"twitter:data1\" content=\"2 minutes\" \/>\n<script type=\"application\/ld+json\" class=\"yoast-schema-graph\">{\"@context\":\"https:\\\/\\\/schema.org\",\"@graph\":[{\"@type\":[\"WebPage\",\"ItemPage\"],\"@id\":\"https:\\\/\\\/www.inthesun.es\\\/en\\\/product\\\/vintage-mallorca-postcards-6-units-pack-copia\\\/\",\"url\":\"https:\\\/\\\/www.inthesun.es\\\/en\\\/product\\\/vintage-mallorca-postcards-6-units-pack-copia\\\/\",\"name\":\"Vintage Mallorca Postcards #2 (6 units pack) - IntheSun, art prints &amp; chic souvenirs\",\"isPartOf\":{\"@id\":\"https:\\\/\\\/www.inthesun.es\\\/en\\\/#website\"},\"primaryImageOfPage\":{\"@id\":\"https:\\\/\\\/www.inthesun.es\\\/en\\\/product\\\/vintage-mallorca-postcards-6-units-pack-copia\\\/#primaryimage\"},\"image\":{\"@id\":\"https:\\\/\\\/www.inthesun.es\\\/en\\\/product\\\/vintage-mallorca-postcards-6-units-pack-copia\\\/#primaryimage\"},\"thumbnailUrl\":\"https:\\\/\\\/www.inthesun.es\\\/wp-content\\\/uploads\\\/2024\\\/03\\\/mallorca2.jpg\",\"datePublished\":\"2024-03-26T08:41:44+00:00\",\"dateModified\":\"2024-05-15T16:44:05+00:00\",\"breadcrumb\":{\"@id\":\"https:\\\/\\\/www.inthesun.es\\\/en\\\/product\\\/vintage-mallorca-postcards-6-units-pack-copia\\\/#breadcrumb\"},\"inLanguage\":\"en-GB\",\"potentialAction\":[{\"@type\":\"ReadAction\",\"target\":[\"https:\\\/\\\/www.inthesun.es\\\/en\\\/product\\\/vintage-mallorca-postcards-6-units-pack-copia\\\/\"]}]},{\"@type\":\"ImageObject\",\"inLanguage\":\"en-GB\",\"@id\":\"https:\\\/\\\/www.inthesun.es\\\/en\\\/product\\\/vintage-mallorca-postcards-6-units-pack-copia\\\/#primaryimage\",\"url\":\"https:\\\/\\\/www.inthesun.es\\\/wp-content\\\/uploads\\\/2024\\\/03\\\/mallorca2.jpg\",\"contentUrl\":\"https:\\\/\\\/www.inthesun.es\\\/wp-content\\\/uploads\\\/2024\\\/03\\\/mallorca2.jpg\",\"width\":1600,\"height\":1600,\"caption\":\"postales decorativas mallorca #2, playa es trenc y hamaca, faro de portocolom, molino y bicicleta, valldemossa y cartuja, puerto soller y tranvia, na foradada y llaut\"},{\"@type\":\"BreadcrumbList\",\"@id\":\"https:\\\/\\\/www.inthesun.es\\\/en\\\/product\\\/vintage-mallorca-postcards-6-units-pack-copia\\\/#breadcrumb\",\"itemListElement\":[{\"@type\":\"ListItem\",\"position\":1,\"name\":\"Portada\",\"item\":\"https:\\\/\\\/www.inthesun.es\\\/en\\\/\"},{\"@type\":\"ListItem\",\"position\":2,\"name\":\"Shop\",\"item\":\"https:\\\/\\\/www.inthesun.es\\\/en\\\/shop-2-2\\\/\"},{\"@type\":\"ListItem\",\"position\":3,\"name\":\"Vintage Mallorca Postcards #2 (6 units pack)\"}]},{\"@type\":\"WebSite\",\"@id\":\"https:\\\/\\\/www.inthesun.es\\\/en\\\/#website\",\"url\":\"https:\\\/\\\/www.inthesun.es\\\/en\\\/\",\"name\":\"INTHESUN.ES\",\"description\":\"Inthesun , quality souvenirs for Majorca , Menorca , Ibiza and Formentera. Gifts and souvenirs with typical and traditional motifs of the Balearic Islands. Discover our exclusive products !\",\"publisher\":{\"@id\":\"https:\\\/\\\/www.inthesun.es\\\/en\\\/#organization\"},\"alternateName\":\"Inthesun, artprints & chic souvenirs\",\"potentialAction\":[{\"@type\":\"SearchAction\",\"target\":{\"@type\":\"EntryPoint\",\"urlTemplate\":\"https:\\\/\\\/www.inthesun.es\\\/en\\\/?s={search_term_string}\"},\"query-input\":{\"@type\":\"PropertyValueSpecification\",\"valueRequired\":true,\"valueName\":\"search_term_string\"}}],\"inLanguage\":\"en-GB\"},{\"@type\":\"Organization\",\"@id\":\"https:\\\/\\\/www.inthesun.es\\\/en\\\/#organization\",\"name\":\"IntheSun, art prints & chic souvenirs\",\"url\":\"https:\\\/\\\/www.inthesun.es\\\/en\\\/\",\"logo\":{\"@type\":\"ImageObject\",\"inLanguage\":\"en-GB\",\"@id\":\"https:\\\/\\\/www.inthesun.es\\\/en\\\/#\\\/schema\\\/logo\\\/image\\\/\",\"url\":\"https:\\\/\\\/www.inthesun.es\\\/wp-content\\\/uploads\\\/2024\\\/02\\\/LogoInTheSun.png\",\"contentUrl\":\"https:\\\/\\\/www.inthesun.es\\\/wp-content\\\/uploads\\\/2024\\\/02\\\/LogoInTheSun.png\",\"width\":3544,\"height\":3544,\"caption\":\"IntheSun, art prints & chic souvenirs\"},\"image\":{\"@id\":\"https:\\\/\\\/www.inthesun.es\\\/en\\\/#\\\/schema\\\/logo\\\/image\\\/\"},\"sameAs\":[\"https:\\\/\\\/www.facebook.com\\\/inthesun.es\\\/\",\"https:\\\/\\\/www.instagram.com\\\/inthesun.es\\\/\"]}]}<\/script>\n<!-- \/ Yoast SEO plugin. -->","yoast_head_json":{"title":"Vintage Mallorca Postcards #2 (6 units pack) - IntheSun, art prints &amp; chic souvenirs","robots":{"index":"index","follow":"follow","max-snippet":"max-snippet:-1","max-image-preview":"max-image-preview:large","max-video-preview":"max-video-preview:-1"},"canonical":"https:\/\/www.inthesun.es\/en\/product\/vintage-mallorca-postcards-6-units-pack-copia\/","og_locale":"en_GB","og_type":"article","og_title":"Vintage Mallorca Postcards #2 (6 units pack) - IntheSun, art prints &amp; chic souvenirs","og_description":"Pack of 6 Mallorca Postcards #2 This pack of 6 postcards invites you to a visual journey to Mallorca, capturing the essence of the island in vibrant and charming images. The illustrations included in the pack are: Windmill and Bicycle: Windmills are a typical feature of the Mallorcan rural landscape, especially in the interior of [...]","og_url":"https:\/\/www.inthesun.es\/en\/product\/vintage-mallorca-postcards-6-units-pack-copia\/","og_site_name":"IntheSun, art prints &amp; chic souvenirs","article_publisher":"https:\/\/www.facebook.com\/inthesun.es\/","article_modified_time":"2024-05-15T16:44:05+00:00","og_image":[{"width":1600,"height":1600,"url":"https:\/\/www.inthesun.es\/wp-content\/uploads\/2024\/03\/mallorca2.jpg","type":"image\/jpeg"}],"twitter_card":"summary_large_image","twitter_misc":{"Estimated reading time":"2 minutes"},"schema":{"@context":"https:\/\/schema.org","@graph":[{"@type":["WebPage","ItemPage"],"@id":"https:\/\/www.inthesun.es\/en\/product\/vintage-mallorca-postcards-6-units-pack-copia\/","url":"https:\/\/www.inthesun.es\/en\/product\/vintage-mallorca-postcards-6-units-pack-copia\/","name":"Vintage Mallorca Postcards #2 (6 units pack) - IntheSun, art prints &amp; chic souvenirs","isPartOf":{"@id":"https:\/\/www.inthesun.es\/en\/#website"},"primaryImageOfPage":{"@id":"https:\/\/www.inthesun.es\/en\/product\/vintage-mallorca-postcards-6-units-pack-copia\/#primaryimage"},"image":{"@id":"https:\/\/www.inthesun.es\/en\/product\/vintage-mallorca-postcards-6-units-pack-copia\/#primaryimage"},"thumbnailUrl":"https:\/\/www.inthesun.es\/wp-content\/uploads\/2024\/03\/mallorca2.jpg","datePublished":"2024-03-26T08:41:44+00:00","dateModified":"2024-05-15T16:44:05+00:00","breadcrumb":{"@id":"https:\/\/www.inthesun.es\/en\/product\/vintage-mallorca-postcards-6-units-pack-copia\/#breadcrumb"},"inLanguage":"en-GB","potentialAction":[{"@type":"ReadAction","target":["https:\/\/www.inthesun.es\/en\/product\/vintage-mallorca-postcards-6-units-pack-copia\/"]}]},{"@type":"ImageObject","inLanguage":"en-GB","@id":"https:\/\/www.inthesun.es\/en\/product\/vintage-mallorca-postcards-6-units-pack-copia\/#primaryimage","url":"https:\/\/www.inthesun.es\/wp-content\/uploads\/2024\/03\/mallorca2.jpg","contentUrl":"https:\/\/www.inthesun.es\/wp-content\/uploads\/2024\/03\/mallorca2.jpg","width":1600,"height":1600,"caption":"postales decorativas mallorca #2, playa es trenc y hamaca, faro de portocolom, molino y bicicleta, valldemossa y cartuja, puerto soller y tranvia, na foradada y llaut"},{"@type":"BreadcrumbList","@id":"https:\/\/www.inthesun.es\/en\/product\/vintage-mallorca-postcards-6-units-pack-copia\/#breadcrumb","itemListElement":[{"@type":"ListItem","position":1,"name":"Portada","item":"https:\/\/www.inthesun.es\/en\/"},{"@type":"ListItem","position":2,"name":"Shop","item":"https:\/\/www.inthesun.es\/en\/shop-2-2\/"},{"@type":"ListItem","position":3,"name":"Vintage Mallorca Postcards #2 (6 units pack)"}]},{"@type":"WebSite","@id":"https:\/\/www.inthesun.es\/en\/#website","url":"https:\/\/www.inthesun.es\/en\/","name":"INTHESUN.ES","description":"Inthesun , quality souvenirs for Majorca , Menorca , Ibiza and Formentera. Gifts and souvenirs with typical and traditional motifs of the Balearic Islands. Discover our exclusive products !","publisher":{"@id":"https:\/\/www.inthesun.es\/en\/#organization"},"alternateName":"Inthesun, artprints & chic souvenirs","potentialAction":[{"@type":"SearchAction","target":{"@type":"EntryPoint","urlTemplate":"https:\/\/www.inthesun.es\/en\/?s={search_term_string}"},"query-input":{"@type":"PropertyValueSpecification","valueRequired":true,"valueName":"search_term_string"}}],"inLanguage":"en-GB"},{"@type":"Organization","@id":"https:\/\/www.inthesun.es\/en\/#organization","name":"IntheSun, art prints & chic souvenirs","url":"https:\/\/www.inthesun.es\/en\/","logo":{"@type":"ImageObject","inLanguage":"en-GB","@id":"https:\/\/www.inthesun.es\/en\/#\/schema\/logo\/image\/","url":"https:\/\/www.inthesun.es\/wp-content\/uploads\/2024\/02\/LogoInTheSun.png","contentUrl":"https:\/\/www.inthesun.es\/wp-content\/uploads\/2024\/02\/LogoInTheSun.png","width":3544,"height":3544,"caption":"IntheSun, art prints & chic souvenirs"},"image":{"@id":"https:\/\/www.inthesun.es\/en\/#\/schema\/logo\/image\/"},"sameAs":["https:\/\/www.facebook.com\/inthesun.es\/","https:\/\/www.instagram.com\/inthesun.es\/"]}]}},"_links":{"self":[{"href":"https:\/\/www.inthesun.es\/en\/wp-json\/wp\/v2\/product\/18585","targetHints":{"allow":["GET"]}}],"collection":[{"href":"https:\/\/www.inthesun.es\/en\/wp-json\/wp\/v2\/product"}],"about":[{"href":"https:\/\/www.inthesun.es\/en\/wp-json\/wp\/v2\/types\/product"}],"wp:featuredmedia":[{"embeddable":true,"href":"https:\/\/www.inthesun.es\/en\/wp-json\/wp\/v2\/media\/19252"}],"wp:attachment":[{"href":"https:\/\/www.inthesun.es\/en\/wp-json\/wp\/v2\/media?parent=18585"}],"wp:term":[{"taxonomy":"product_brand","embeddable":true,"href":"https:\/\/www.inthesun.es\/en\/wp-json\/wp\/v2\/product_brand?post=18585"},{"taxonomy":"product_cat","embeddable":true,"href":"https:\/\/www.inthesun.es\/en\/wp-json\/wp\/v2\/product_cat?post=18585"},{"taxonomy":"product_tag","embeddable":true,"href":"https:\/\/www.inthesun.es\/en\/wp-json\/wp\/v2\/product_tag?post=18585"}],"curies":[{"name":"wp","href":"https:\/\/api.w.org\/{rel}","templated":true}]}}